{"id":1000087,"date":"2025-04-22T08:43:27","date_gmt":"2025-04-22T08:43:27","guid":{"rendered":"https:\/\/wpglozin.com\/echozone\/?page_id=10"},"modified":"2026-01-30T01:37:29","modified_gmt":"2026-01-30T01:37:29","slug":"termos-de-uso","status":"publish","type":"page","link":"https:\/\/meuoculos.net\/en\/termos-de-uso\/","title":{"rendered":"Termos de Uso"},"content":{"rendered":"<div data-elementor-type=\"wp-page\" data-elementor-id=\"1000087\" class=\"elementor elementor-1000087\" data-elementor-post-type=\"page\">\n\t\t\t\t<div class=\"elementor-element elementor-element-8483fa5 e-flex e-con-boxed glozin-responsive-column glozin-tablet-column--default glozin-responsive-column glozin-mobile-column--default magic-button-disabled-no e-con e-parent\" data-id=\"8483fa5\" data-element_type=\"container\" data-e-type=\"container\">\n\t\t\t\t\t<div class=\"e-con-inner\">\n\t\t<div class=\"elementor-element elementor-element-82b855d e-con-full e-flex glozin-responsive-column glozin-tablet-column--default glozin-responsive-column glozin-mobile-column--default magic-button-disabled-no e-con e-child\" data-id=\"82b855d\" data-element_type=\"container\" data-e-type=\"container\">\n\t\t\t\t<div class=\"elementor-element elementor-element-a7d6745 elementor-widget elementor-widget-glozin-heading\" data-id=\"a7d6745\" data-element_type=\"widget\" data-e-type=\"widget\" data-widget_type=\"glozin-heading.default\">\n\t\t\t\t<div class=\"elementor-widget-container\">\n\t\t\t\t\t\t\t<div class=\"glozin-heading-elementor\">\n\t\t\t\t<h6 class=\"glozin-heading d-flex align-items-center my-0 glozin-heading--default\">\n\t\t\t\t\tTERMOS DE USO E CONDI\u00c7\u00d5ES DE NAVEGA\u00c7\u00c3O\t\t\t\t<\/h6>\n\t\t\t<\/div>\n\t\t\t\t\t\t<\/div>\n\t\t\t\t<\/div>\n\t\t\t\t<div class=\"elementor-element elementor-element-15ef96f elementor-widget elementor-widget-text-editor\" data-id=\"15ef96f\" data-element_type=\"widget\" data-e-type=\"widget\" data-widget_type=\"text-editor.default\">\n\t\t\t\t\t\t\t\t\t<p>Bem-vindo ao site <strong data-start=\"401\" data-end=\"415\">Meu \u00d3culos<\/strong>.<br data-start=\"416\" data-end=\"419\" \/>Este documento estabelece as regras, responsabilidades e condi\u00e7\u00f5es que devem ser observadas por todos os usu\u00e1rios que acessam ou utilizam as funcionalidades do site <strong data-start=\"584\" data-end=\"610\"><a class=\"decorated-link\" href=\"https:\/\/meuoculos.net\/en\/\" target=\"_new\" rel=\"noopener\" data-start=\"586\" data-end=\"608\">https:\/\/meuoculos.net\/<\/a><\/strong>.<\/p><p>Ao navegar neste site, voc\u00ea declara ter lido, compreendido e aceito integralmente os presentes Termos de Uso e Condi\u00e7\u00f5es, bem como a Pol\u00edtica de Privacidade.<\/p>\t\t\t\t\t\t\t\t<\/div>\n\t\t\t\t<div class=\"elementor-element elementor-element-40d24e1 elementor-widget elementor-widget-glozin-heading\" data-id=\"40d24e1\" data-element_type=\"widget\" data-e-type=\"widget\" data-widget_type=\"glozin-heading.default\">\n\t\t\t\t<div class=\"elementor-widget-container\">\n\t\t\t\t\t\t\t<div class=\"glozin-heading-elementor\">\n\t\t\t\t<h6 class=\"glozin-heading d-flex align-items-center my-0 glozin-heading--default\">\n\t\t\t\t\t1 \u2013 Acesso e Restri\u00e7\u00f5es de Funcionalidade\t\t\t\t<\/h6>\n\t\t\t<\/div>\n\t\t\t\t\t\t<\/div>\n\t\t\t\t<\/div>\n\t\t\t\t<div class=\"elementor-element elementor-element-243b7f2 elementor-widget elementor-widget-text-editor\" data-id=\"243b7f2\" data-element_type=\"widget\" data-e-type=\"widget\" data-widget_type=\"text-editor.default\">\n\t\t\t\t\t\t\t\t\t<p data-start=\"827\" data-end=\"1038\"><strong data-start=\"827\" data-end=\"834\">1.1<\/strong> O site Meu \u00d3culos \u00e9 destinado \u00e0 apresenta\u00e7\u00e3o, divulga\u00e7\u00e3o e comercializa\u00e7\u00e3o de produtos \u00f3pticos, permitindo ao usu\u00e1rio conhecer caracter\u00edsticas, valores e condi\u00e7\u00f5es de compra de forma interativa e segura.<\/p><p data-start=\"1040\" data-end=\"1296\"><strong data-start=\"1040\" data-end=\"1047\">1.2<\/strong> \u00c9 expressamente proibido aos usu\u00e1rios acessar \u00e1reas restritas de programa\u00e7\u00e3o, banco de dados, c\u00f3digos-fonte ou qualquer outro conjunto de informa\u00e7\u00f5es t\u00e9cnicas do site, sob pena de responsabiliza\u00e7\u00e3o civil e criminal conforme a legisla\u00e7\u00e3o brasileira.<\/p><p data-start=\"1298\" data-end=\"1570\"><strong data-start=\"1298\" data-end=\"1305\">1.3<\/strong> N\u00e3o \u00e9 permitido realizar engenharia reversa, descompilar, copiar, modificar, reproduzir, alugar, sublicenciar, publicar, distribuir ou explorar comercialmente quaisquer funcionalidades, conte\u00fados ou sistemas do site sem autoriza\u00e7\u00e3o pr\u00e9via e expressa do Meu \u00d3culos.<\/p><p data-start=\"1572\" data-end=\"1780\"><strong data-start=\"1572\" data-end=\"1579\">1.4<\/strong> \u00c9 vedada a utiliza\u00e7\u00e3o de rob\u00f4s, spiders, scrapers, minera\u00e7\u00e3o de dados ou qualquer outro mecanismo automatizado para coleta de informa\u00e7\u00f5es, realiza\u00e7\u00e3o de opera\u00e7\u00f5es massificadas ou fins n\u00e3o autorizados.<\/p><p data-start=\"1782\" data-end=\"1899\"><strong data-start=\"1782\" data-end=\"1789\">1.5<\/strong> O usu\u00e1rio \u00e9 respons\u00e1vel por dispor dos meios t\u00e9cnicos necess\u00e1rios para acesso \u00e0 internet e navega\u00e7\u00e3o no site.<\/p><p data-start=\"1901\" data-end=\"2088\"><strong data-start=\"1901\" data-end=\"1908\">1.6<\/strong> Determinadas funcionalidades podem exigir o fornecimento de dados pessoais ou o cumprimento de requisitos espec\u00edficos. Caso o usu\u00e1rio n\u00e3o concorde, dever\u00e1 interromper a navega\u00e7\u00e3o.<\/p>\t\t\t\t\t\t\t\t<\/div>\n\t\t\t\t<div class=\"elementor-element elementor-element-a1b707a elementor-widget elementor-widget-glozin-heading\" data-id=\"a1b707a\" data-element_type=\"widget\" data-e-type=\"widget\" data-widget_type=\"glozin-heading.default\">\n\t\t\t\t<div class=\"elementor-widget-container\">\n\t\t\t\t\t\t\t<div class=\"glozin-heading-elementor\">\n\t\t\t\t<h6 class=\"glozin-heading d-flex align-items-center my-0 glozin-heading--default\">\n\t\t\t\t\t2 \u2013 Informa\u00e7\u00f5es Gerais sobre o Funcionamento do Site\t\t\t\t<\/h6>\n\t\t\t<\/div>\n\t\t\t\t\t\t<\/div>\n\t\t\t\t<\/div>\n\t\t\t\t<div class=\"elementor-element elementor-element-41cc1d7 elementor-widget elementor-widget-text-editor\" data-id=\"41cc1d7\" data-element_type=\"widget\" data-e-type=\"widget\" data-widget_type=\"text-editor.default\">\n\t\t\t\t\t\t\t\t\t<p data-start=\"2156\" data-end=\"2320\"><strong data-start=\"2156\" data-end=\"2163\">2.1<\/strong> O site \u00e9 disponibilizado na forma em que se encontra, podendo passar por atualiza\u00e7\u00f5es, altera\u00e7\u00f5es de layout, funcionalidades ou conte\u00fados, sem aviso pr\u00e9vio.<\/p><p data-start=\"2322\" data-end=\"2550\"><strong data-start=\"2322\" data-end=\"2329\">2.2<\/strong> O Meu \u00d3culos envida esfor\u00e7os para manter o site dispon\u00edvel de forma cont\u00ednua, por\u00e9m n\u00e3o se responsabiliza por indisponibilidades decorrentes de fatores externos, falhas t\u00e9cnicas, manuten\u00e7\u00e3o, for\u00e7a maior ou caso fortuito.<\/p><p data-start=\"2552\" data-end=\"2725\"><strong data-start=\"2552\" data-end=\"2559\">2.3<\/strong> O Meu \u00d3culos n\u00e3o se responsabiliza por danos ao equipamento do usu\u00e1rio causados por v\u00edrus, falhas de sistema, conex\u00e3o ou a\u00e7\u00f5es de terceiros durante o acesso ao site.<\/p><p data-start=\"2727\" data-end=\"2869\"><strong data-start=\"2727\" data-end=\"2734\">2.4<\/strong> N\u00e3o h\u00e1 garantia de funcionamento ininterrupto, nem direito a indeniza\u00e7\u00e3o por eventuais per\u00edodos de instabilidade ou indisponibilidade.<\/p><p data-start=\"2871\" data-end=\"2957\"><strong data-start=\"2871\" data-end=\"2878\">2.5<\/strong> Cada usu\u00e1rio \u00e9 respons\u00e1vel pelos atos praticados durante a utiliza\u00e7\u00e3o do site.<\/p>\t\t\t\t\t\t\t\t<\/div>\n\t\t\t\t<div class=\"elementor-element elementor-element-a705087 elementor-widget elementor-widget-glozin-heading\" data-id=\"a705087\" data-element_type=\"widget\" data-e-type=\"widget\" data-widget_type=\"glozin-heading.default\">\n\t\t\t\t<div class=\"elementor-widget-container\">\n\t\t\t\t\t\t\t<div class=\"glozin-heading-elementor\">\n\t\t\t\t<h6 class=\"glozin-heading d-flex align-items-center my-0 glozin-heading--default\">\n\t\t\t\t\t3 \u2013 Comunica\u00e7\u00e3o com os Usu\u00e1rios\t\t\t\t<\/h6>\n\t\t\t<\/div>\n\t\t\t\t\t\t<\/div>\n\t\t\t\t<\/div>\n\t\t\t\t<div class=\"elementor-element elementor-element-87b3dea elementor-widget elementor-widget-text-editor\" data-id=\"87b3dea\" data-element_type=\"widget\" data-e-type=\"widget\" data-widget_type=\"text-editor.default\">\n\t\t\t\t\t\t\t\t\t<p data-start=\"3004\" data-end=\"3118\"><strong data-start=\"3004\" data-end=\"3011\">3.1<\/strong> O principal canal de comunica\u00e7\u00e3o ser\u00e1 o e-mail informado pelo usu\u00e1rio no momento do cadastro ou da compra.<\/p><p data-start=\"3120\" data-end=\"3201\"><strong data-start=\"3120\" data-end=\"3129\">3.1.1<\/strong> \u00c9 responsabilidade do usu\u00e1rio manter seus dados atualizados e corretos.<\/p><p data-start=\"3203\" data-end=\"3318\"><strong data-start=\"3203\" data-end=\"3212\">3.1.2<\/strong> O usu\u00e1rio deve garantir que seus filtros de spam n\u00e3o impe\u00e7am o recebimento de comunica\u00e7\u00f5es do Meu \u00d3culos.<\/p>\t\t\t\t\t\t\t\t<\/div>\n\t\t\t\t<div class=\"elementor-element elementor-element-2ea2323 elementor-widget elementor-widget-glozin-heading\" data-id=\"2ea2323\" data-element_type=\"widget\" data-e-type=\"widget\" data-widget_type=\"glozin-heading.default\">\n\t\t\t\t<div class=\"elementor-widget-container\">\n\t\t\t\t\t\t\t<div class=\"glozin-heading-elementor\">\n\t\t\t\t<h6 class=\"glozin-heading d-flex align-items-center my-0 glozin-heading--default\">\n\t\t\t\t\t4 \u2013 Privacidade e Prote\u00e7\u00e3o de Dados\t\t\t\t<\/h6>\n\t\t\t<\/div>\n\t\t\t\t\t\t<\/div>\n\t\t\t\t<\/div>\n\t\t\t\t<div class=\"elementor-element elementor-element-ebde9a7 elementor-widget elementor-widget-text-editor\" data-id=\"ebde9a7\" data-element_type=\"widget\" data-e-type=\"widget\" data-widget_type=\"text-editor.default\">\n\t\t\t\t\t\t\t\t\t<p data-start=\"3369\" data-end=\"3502\"><strong data-start=\"3369\" data-end=\"3376\">4.1<\/strong> O tratamento de dados pessoais \u00e9 regido pela <strong data-start=\"3422\" data-end=\"3449\">Pol\u00edtica de Privacidade<\/strong>, documento pr\u00f3prio e parte integrante destes Termos.<\/p><p data-start=\"3504\" data-end=\"3618\"><strong data-start=\"3504\" data-end=\"3511\">4.2<\/strong> Em caso de conflito entre este documento e a Pol\u00edtica de Privacidade, prevalecer\u00e1 a norma mais espec\u00edfica.<\/p>\t\t\t\t\t\t\t\t<\/div>\n\t\t\t\t<div class=\"elementor-element elementor-element-13e7869 elementor-widget elementor-widget-glozin-heading\" data-id=\"13e7869\" data-element_type=\"widget\" data-e-type=\"widget\" data-widget_type=\"glozin-heading.default\">\n\t\t\t\t<div class=\"elementor-widget-container\">\n\t\t\t\t\t\t\t<div class=\"glozin-heading-elementor\">\n\t\t\t\t<h6 class=\"glozin-heading d-flex align-items-center my-0 glozin-heading--default\">\n\t\t\t\t\t5 \u2013 Obriga\u00e7\u00f5es do Meu \u00d3culos\t\t\t\t<\/h6>\n\t\t\t<\/div>\n\t\t\t\t\t\t<\/div>\n\t\t\t\t<\/div>\n\t\t\t\t<div class=\"elementor-element elementor-element-b784d4c elementor-widget elementor-widget-text-editor\" data-id=\"b784d4c\" data-element_type=\"widget\" data-e-type=\"widget\" data-widget_type=\"text-editor.default\">\n\t\t\t\t\t\t\t\t\t<p data-start=\"3662\" data-end=\"3691\">O Meu \u00d3culos se compromete a:<\/p><p data-start=\"3693\" data-end=\"4060\"><strong data-start=\"3693\" data-end=\"3702\">5.1.1<\/strong> Manter ambiente digital seguro, dentro das melhores pr\u00e1ticas tecnol\u00f3gicas dispon\u00edveis.<br data-start=\"3789\" data-end=\"3792\" \/><strong data-start=\"3792\" data-end=\"3801\">5.1.2<\/strong> Preservar a funcionalidade e navegabilidade do site sempre que poss\u00edvel.<br data-start=\"3874\" data-end=\"3877\" \/><strong data-start=\"3877\" data-end=\"3886\">5.1.3<\/strong> Apresentar informa\u00e7\u00f5es claras, precisas e completas sobre produtos e servi\u00e7os.<br data-start=\"3965\" data-end=\"3968\" \/><strong data-start=\"3968\" data-end=\"3977\">5.1.4<\/strong> Proteger os dados fornecidos pelos usu\u00e1rios, conforme a legisla\u00e7\u00e3o vigente (LGPD).<\/p>\t\t\t\t\t\t\t\t<\/div>\n\t\t\t\t<div class=\"elementor-element elementor-element-cb4134e elementor-widget elementor-widget-glozin-heading\" data-id=\"cb4134e\" data-element_type=\"widget\" data-e-type=\"widget\" data-widget_type=\"glozin-heading.default\">\n\t\t\t\t<div class=\"elementor-widget-container\">\n\t\t\t\t\t\t\t<div class=\"glozin-heading-elementor\">\n\t\t\t\t<h6 class=\"glozin-heading d-flex align-items-center my-0 glozin-heading--default\">\n\t\t\t\t\t6 \u2013 Obriga\u00e7\u00f5es dos Usu\u00e1rios\t\t\t\t<\/h6>\n\t\t\t<\/div>\n\t\t\t\t\t\t<\/div>\n\t\t\t\t<\/div>\n\t\t\t\t<div class=\"elementor-element elementor-element-bb70675 elementor-widget elementor-widget-text-editor\" data-id=\"bb70675\" data-element_type=\"widget\" data-e-type=\"widget\" data-widget_type=\"text-editor.default\">\n\t\t\t\t\t\t\t\t\t<p data-start=\"4103\" data-end=\"4174\"><strong data-start=\"4103\" data-end=\"4110\">6.1<\/strong> Utilizar o site de forma \u00e9tica, l\u00edcita e conforme estes Termos.<\/p><p data-start=\"4176\" data-end=\"4263\"><strong data-start=\"4176\" data-end=\"4183\">6.2<\/strong> Fornecer informa\u00e7\u00f5es verdadeiras e atualizadas ao realizar cadastro ou compras.<\/p><p data-start=\"4265\" data-end=\"4350\"><strong data-start=\"4265\" data-end=\"4272\">6.3<\/strong> Responder por quaisquer danos causados ao site, ao Meu \u00d3culos ou a terceiros.<\/p><p data-start=\"4352\" data-end=\"4441\"><strong data-start=\"4352\" data-end=\"4359\">6.4<\/strong> Utilizar as funcionalidades do site apenas para as finalidades a que se destinam.<\/p><p data-start=\"4443\" data-end=\"4516\"><strong data-start=\"4443\" data-end=\"4450\">6.5<\/strong> Manter sigilo sobre dados de acesso, especialmente login e senha.<\/p>\t\t\t\t\t\t\t\t<\/div>\n\t\t\t\t<div class=\"elementor-element elementor-element-37b1f04 elementor-widget elementor-widget-glozin-heading\" data-id=\"37b1f04\" data-element_type=\"widget\" data-e-type=\"widget\" data-widget_type=\"glozin-heading.default\">\n\t\t\t\t<div class=\"elementor-widget-container\">\n\t\t\t\t\t\t\t<div class=\"glozin-heading-elementor\">\n\t\t\t\t<h6 class=\"glozin-heading d-flex align-items-center my-0 glozin-heading--default\">\n\t\t\t\t\t7 \u2013 Direitos Autorais e Propriedade Intelectual\t\t\t\t<\/h6>\n\t\t\t<\/div>\n\t\t\t\t\t\t<\/div>\n\t\t\t\t<\/div>\n\t\t\t\t<div class=\"elementor-element elementor-element-8f1a776 elementor-widget elementor-widget-text-editor\" data-id=\"8f1a776\" data-element_type=\"widget\" data-e-type=\"widget\" data-widget_type=\"text-editor.default\">\n\t\t\t\t\t\t\t\t\t<p data-start=\"4579\" data-end=\"4800\"><strong data-start=\"4579\" data-end=\"4586\">7.1<\/strong> A marca <strong data-start=\"4595\" data-end=\"4609\">Meu \u00d3culos<\/strong>, seu nome empresarial, dom\u00ednio, layout, textos, imagens, logotipos, c\u00f3digos e demais conte\u00fados s\u00e3o protegidos pela legisla\u00e7\u00e3o brasileira e tratados internacionais de propriedade intelectual.<\/p><p data-start=\"4802\" data-end=\"4892\"><strong data-start=\"4802\" data-end=\"4809\">7.2<\/strong> O simples acesso ao site n\u00e3o concede qualquer direito de uso sobre tais conte\u00fados.<\/p><p data-start=\"4894\" data-end=\"5001\"><strong data-start=\"4894\" data-end=\"4901\">7.3<\/strong> \u00c9 proibida a reprodu\u00e7\u00e3o, distribui\u00e7\u00e3o ou modifica\u00e7\u00e3o de qualquer conte\u00fado sem autoriza\u00e7\u00e3o expressa.<\/p><p data-start=\"5003\" data-end=\"5107\"><strong data-start=\"5003\" data-end=\"5010\">7.4<\/strong> O uso indevido poder\u00e1 gerar responsabiliza\u00e7\u00e3o civil e criminal, nos termos da Lei n\u00ba 9.610\/1998.<\/p>\t\t\t\t\t\t\t\t<\/div>\n\t\t\t\t<div class=\"elementor-element elementor-element-0d83726 elementor-widget elementor-widget-glozin-heading\" data-id=\"0d83726\" data-element_type=\"widget\" data-e-type=\"widget\" data-widget_type=\"glozin-heading.default\">\n\t\t\t\t<div class=\"elementor-widget-container\">\n\t\t\t\t\t\t\t<div class=\"glozin-heading-elementor\">\n\t\t\t\t<h6 class=\"glozin-heading d-flex align-items-center my-0 glozin-heading--default\">\n\t\t\t\t\t8 \u2013 Compra de Produtos e Funcionalidades do Site\t\t\t\t<\/h6>\n\t\t\t<\/div>\n\t\t\t\t\t\t<\/div>\n\t\t\t\t<\/div>\n\t\t\t\t<div class=\"elementor-element elementor-element-4d8015d elementor-widget elementor-widget-text-editor\" data-id=\"4d8015d\" data-element_type=\"widget\" data-e-type=\"widget\" data-widget_type=\"text-editor.default\">\n\t\t\t\t\t\t\t\t\t<p data-start=\"5171\" data-end=\"5323\">gest\u00e3o das ofertas, pagamentos e atendimento.<\/p><p data-start=\"5325\" data-end=\"5423\"><strong data-start=\"5325\" data-end=\"5332\">8.2<\/strong> Para realizar compras, o usu\u00e1rio dever\u00e1 preencher corretamente as informa\u00e7\u00f5es solicitadas.<\/p><p data-start=\"5425\" data-end=\"5537\"><strong data-start=\"5425\" data-end=\"5432\">8.3<\/strong> Erros decorrentes de dados incorretos fornecidos pelo usu\u00e1rio n\u00e3o s\u00e3o de responsabilidade do Meu \u00d3culos.<\/p><p data-start=\"5539\" data-end=\"5659\"><strong data-start=\"5539\" data-end=\"5546\">8.4<\/strong> O site possui pol\u00edticas pr\u00f3prias de <strong data-start=\"5583\" data-end=\"5624\">pagamento, entrega, troca e devolu\u00e7\u00e3o<\/strong>, dispon\u00edveis em \u00e1reas espec\u00edficas.<\/p><p data-start=\"5661\" data-end=\"5765\"><strong data-start=\"5661\" data-end=\"5668\">8.5<\/strong> Recomenda-se que o uso de produtos \u00f3pticos seja feito conforme orienta\u00e7\u00e3o profissional adequada.<\/p>\t\t\t\t\t\t\t\t<\/div>\n\t\t\t\t<div class=\"elementor-element elementor-element-fdf1575 elementor-widget elementor-widget-glozin-heading\" data-id=\"fdf1575\" data-element_type=\"widget\" data-e-type=\"widget\" data-widget_type=\"glozin-heading.default\">\n\t\t\t\t<div class=\"elementor-widget-container\">\n\t\t\t\t\t\t\t<div class=\"glozin-heading-elementor\">\n\t\t\t\t<h6 class=\"glozin-heading d-flex align-items-center my-0 glozin-heading--default\">\n\t\t\t\t\t9 \u2013 Conte\u00fados Enviados por Usu\u00e1rios\t\t\t\t<\/h6>\n\t\t\t<\/div>\n\t\t\t\t\t\t<\/div>\n\t\t\t\t<\/div>\n\t\t\t\t<div class=\"elementor-element elementor-element-d3ed1b5 elementor-widget elementor-widget-text-editor\" data-id=\"d3ed1b5\" data-element_type=\"widget\" data-e-type=\"widget\" data-widget_type=\"text-editor.default\">\n\t\t\t\t\t\t\t\t\t<p data-start=\"5816\" data-end=\"5895\"><strong data-start=\"5816\" data-end=\"5823\">9.1<\/strong> O Meu \u00d3culos poder\u00e1 remover, sem aviso pr\u00e9vio, conte\u00fados que contenham:<\/p><ul data-start=\"5897\" data-end=\"6082\"><li data-start=\"5897\" data-end=\"5945\"><p data-start=\"5899\" data-end=\"5945\">Conte\u00fado ilegal, ofensivo ou discriminat\u00f3rio<\/p><\/li><li data-start=\"5946\" data-end=\"5992\"><p data-start=\"5948\" data-end=\"5992\">Viola\u00e7\u00e3o de direitos autorais ou de imagem<\/p><\/li><li data-start=\"5993\" data-end=\"6033\"><p data-start=\"5995\" data-end=\"6033\">Conte\u00fado sexual, violento ou de \u00f3dio<\/p><\/li><li data-start=\"6034\" data-end=\"6082\"><p data-start=\"6036\" data-end=\"6082\">Publicidade indevida ou concorr\u00eancia desleal<\/p><\/li><\/ul><p data-start=\"6084\" data-end=\"6175\"><strong data-start=\"6084\" data-end=\"6091\">9.2<\/strong> O usu\u00e1rio poder\u00e1 denunciar conte\u00fados impr\u00f3prios por meio dos canais de atendimento.<\/p>\t\t\t\t\t\t\t\t<\/div>\n\t\t\t\t<div class=\"elementor-element elementor-element-7c0d62c elementor-widget elementor-widget-glozin-heading\" data-id=\"7c0d62c\" data-element_type=\"widget\" data-e-type=\"widget\" data-widget_type=\"glozin-heading.default\">\n\t\t\t\t<div class=\"elementor-widget-container\">\n\t\t\t\t\t\t\t<div class=\"glozin-heading-elementor\">\n\t\t\t\t<h6 class=\"glozin-heading d-flex align-items-center my-0 glozin-heading--default\">\n\t\t\t\t\t10 \u2013 Atendimento ao Usu\u00e1rio\t\t\t\t<\/h6>\n\t\t\t<\/div>\n\t\t\t\t\t\t<\/div>\n\t\t\t\t<\/div>\n\t\t\t\t<div class=\"elementor-element elementor-element-bdc6e4c elementor-widget elementor-widget-text-editor\" data-id=\"bdc6e4c\" data-element_type=\"widget\" data-e-type=\"widget\" data-widget_type=\"text-editor.default\">\n\t\t\t\t\t\t\t\t\t<p data-start=\"5171\" data-end=\"5323\"><strong data-start=\"6218\" data-end=\"6226\">10.1<\/strong> O atendimento \u00e9 realizado por meio dos canais informados no site, incluindo a \u00e1rea de contato e WhatsApp.<\/p>\t\t\t\t\t\t\t\t<\/div>\n\t\t\t\t<div class=\"elementor-element elementor-element-1d067b2 elementor-widget elementor-widget-glozin-heading\" data-id=\"1d067b2\" data-element_type=\"widget\" data-e-type=\"widget\" data-widget_type=\"glozin-heading.default\">\n\t\t\t\t<div class=\"elementor-widget-container\">\n\t\t\t\t\t\t\t<div class=\"glozin-heading-elementor\">\n\t\t\t\t<h6 class=\"glozin-heading d-flex align-items-center my-0 glozin-heading--default\">\n\t\t\t\t\t11 \u2013 Altera\u00e7\u00f5es dos Termos\t\t\t\t<\/h6>\n\t\t\t<\/div>\n\t\t\t\t\t\t<\/div>\n\t\t\t\t<\/div>\n\t\t\t\t<div class=\"elementor-element elementor-element-c7aabbd elementor-widget elementor-widget-text-editor\" data-id=\"c7aabbd\" data-element_type=\"widget\" data-e-type=\"widget\" data-widget_type=\"text-editor.default\">\n\t\t\t\t\t\t\t\t\t<p data-start=\"6374\" data-end=\"6450\"><strong data-start=\"6374\" data-end=\"6382\">11.1<\/strong> O Meu \u00d3culos poder\u00e1 alterar estes Termos de Uso a qualquer momento.<\/p><p data-start=\"6452\" data-end=\"6510\"><strong data-start=\"6452\" data-end=\"6460\">11.2<\/strong> A vers\u00e3o vigente ser\u00e1 sempre a publicada no site.<\/p>\t\t\t\t\t\t\t\t<\/div>\n\t\t\t\t<div class=\"elementor-element elementor-element-391ebe1 elementor-widget elementor-widget-glozin-heading\" data-id=\"391ebe1\" data-element_type=\"widget\" data-e-type=\"widget\" data-widget_type=\"glozin-heading.default\">\n\t\t\t\t<div class=\"elementor-widget-container\">\n\t\t\t\t\t\t\t<div class=\"glozin-heading-elementor\">\n\t\t\t\t<h6 class=\"glozin-heading d-flex align-items-center my-0 glozin-heading--default\">\n\t\t\t\t\t12 \u2013 Disposi\u00e7\u00f5es Gerais\t\t\t\t<\/h6>\n\t\t\t<\/div>\n\t\t\t\t\t\t<\/div>\n\t\t\t\t<\/div>\n\t\t\t\t<div class=\"elementor-element elementor-element-0e49724 elementor-widget elementor-widget-text-editor\" data-id=\"0e49724\" data-element_type=\"widget\" data-e-type=\"widget\" data-widget_type=\"text-editor.default\">\n\t\t\t\t\t\t\t\t\t<p data-start=\"6549\" data-end=\"6644\"><strong data-start=\"6549\" data-end=\"6557\">12.1<\/strong> A eventual toler\u00e2ncia ao descumprimento de cl\u00e1usulas n\u00e3o implica ren\u00fancia de direitos.<\/p><p data-start=\"6646\" data-end=\"6743\"><strong data-start=\"6646\" data-end=\"6654\">12.2<\/strong> Caso alguma disposi\u00e7\u00e3o seja considerada inv\u00e1lida, as demais permanecer\u00e3o em pleno vigor.<\/p><p data-start=\"6745\" data-end=\"6799\"><strong data-start=\"6745\" data-end=\"6753\">12.3<\/strong> O site utiliza o hor\u00e1rio oficial de Bras\u00edlia.<\/p>\t\t\t\t\t\t\t\t<\/div>\n\t\t\t\t<div class=\"elementor-element elementor-element-9f5d67a elementor-widget elementor-widget-glozin-heading\" data-id=\"9f5d67a\" data-element_type=\"widget\" data-e-type=\"widget\" data-widget_type=\"glozin-heading.default\">\n\t\t\t\t<div class=\"elementor-widget-container\">\n\t\t\t\t\t\t\t<div class=\"glozin-heading-elementor\">\n\t\t\t\t<h6 class=\"glozin-heading d-flex align-items-center my-0 glozin-heading--default\">\n\t\t\t\t\t13 \u2013 Lei Aplic\u00e1vel e Foro\t\t\t\t<\/h6>\n\t\t\t<\/div>\n\t\t\t\t\t\t<\/div>\n\t\t\t\t<\/div>\n\t\t\t\t<div class=\"elementor-element elementor-element-92ab6e4 elementor-widget elementor-widget-text-editor\" data-id=\"92ab6e4\" data-element_type=\"widget\" data-e-type=\"widget\" data-widget_type=\"text-editor.default\">\n\t\t\t\t\t\t\t\t\t<p data-start=\"6840\" data-end=\"6901\"><strong data-start=\"6840\" data-end=\"6848\">13.1<\/strong> Estes Termos s\u00e3o regidos pela legisla\u00e7\u00e3o brasileira.<\/p><p data-start=\"6903\" data-end=\"7039\"><strong data-start=\"6903\" data-end=\"6911\">13.2<\/strong> Fica eleito o foro do domic\u00edlio do consumidor, conforme o C\u00f3digo de Defesa do Consumidor, para dirimir eventuais controv\u00e9rsias.<\/p>\t\t\t\t\t\t\t\t<\/div>\n\t\t\t\t<div class=\"elementor-element elementor-element-1990441 elementor-widget elementor-widget-text-editor\" data-id=\"1990441\" data-element_type=\"widget\" data-e-type=\"widget\" data-widget_type=\"text-editor.default\">\n\t\t\t\t\t\t\t\t\t<p data-start=\"6840\" data-end=\"6901\"><strong data-start=\"7046\" data-end=\"7069\">\u00daltima atualiza\u00e7\u00e3o:<\/strong> Janeiro de 2026.<\/p>\t\t\t\t\t\t\t\t<\/div>\n\t\t\t\t<\/div>\n\t\t\t\t\t<\/div>\n\t\t\t\t<\/div>\n\t\t\t\t<\/div>\n\t\t\n    <div class=\"xs_social_share_widget xs_share_url after_content \t\tmain_content  wslu-style-1 wslu-share-box-shaped wslu-fill-colored wslu-none wslu-share-horizontal wslu-theme-font-no wslu-main_content\">\n\n\t\t\n        <ul>\n\t\t\t        <\/ul>\n    <\/div>","protected":false},"excerpt":{"rendered":"<p>TERMOS DE USO E CONDI\u00c7\u00d5ES DE NAVEGA\u00c7\u00c3O Bem-vindo ao site Meu \u00d3culos.Este documento estabelece as regras, responsabilidades e condi\u00e7\u00f5es que devem ser observadas por todos os usu\u00e1rios que acessam ou utilizam as funcionalidades do site https:\/\/meuoculos.net\/. Ao navegar neste site, voc\u00ea declara ter lido, compreendido e aceito integralmente os presentes Termos de Uso e Condi\u00e7\u00f5es, [&hellip;]<\/p>\n","protected":false},"author":1,"featured_media":0,"parent":0,"menu_order":0,"comment_status":"closed","ping_status":"closed","template":"","meta":{"postBodyCss":"","postBodyMargin":[],"postBodyPadding":[],"postBodyBackground":{"backgroundType":"classic","gradient":""},"footnotes":""},"class_list":["post-1000087","page","type-page","status-publish","hentry"],"_hostinger_reach_plugin_has_subscription_block":false,"_hostinger_reach_plugin_is_elementor":false,"_links":{"self":[{"href":"https:\/\/meuoculos.net\/en\/wp-json\/wp\/v2\/pages\/1000087","targetHints":{"allow":["GET"]}}],"collection":[{"href":"https:\/\/meuoculos.net\/en\/wp-json\/wp\/v2\/pages"}],"about":[{"href":"https:\/\/meuoculos.net\/en\/wp-json\/wp\/v2\/types\/page"}],"author":[{"embeddable":true,"href":"https:\/\/meuoculos.net\/en\/wp-json\/wp\/v2\/users\/1"}],"replies":[{"embeddable":true,"href":"https:\/\/meuoculos.net\/en\/wp-json\/wp\/v2\/comments?post=1000087"}],"version-history":[{"count":10,"href":"https:\/\/meuoculos.net\/en\/wp-json\/wp\/v2\/pages\/1000087\/revisions"}],"predecessor-version":[{"id":1000428,"href":"https:\/\/meuoculos.net\/en\/wp-json\/wp\/v2\/pages\/1000087\/revisions\/1000428"}],"wp:attachment":[{"href":"https:\/\/meuoculos.net\/en\/wp-json\/wp\/v2\/media?parent=1000087"}],"curies":[{"name":"wp","href":"https:\/\/api.w.org\/{rel}","templated":true}]}}