{"id":1000569,"date":"2026-01-30T04:10:54","date_gmt":"2026-01-30T04:10:54","guid":{"rendered":"https:\/\/meuoculos.net\/?page_id=1000569"},"modified":"2026-01-30T04:13:30","modified_gmt":"2026-01-30T04:13:30","slug":"lgpd","status":"publish","type":"page","link":"https:\/\/meuoculos.net\/en\/lgpd\/","title":{"rendered":"LGPD"},"content":{"rendered":"<div data-elementor-type=\"wp-page\" data-elementor-id=\"1000569\" class=\"elementor elementor-1000569\" data-elementor-post-type=\"page\">\n\t\t\t\t<div class=\"elementor-element elementor-element-8483fa5 e-flex e-con-boxed glozin-responsive-column glozin-tablet-column--default glozin-responsive-column glozin-mobile-column--default magic-button-disabled-no e-con e-parent\" data-id=\"8483fa5\" data-element_type=\"container\" data-e-type=\"container\">\n\t\t\t\t\t<div class=\"e-con-inner\">\n\t\t<div class=\"elementor-element elementor-element-82b855d e-con-full e-flex glozin-responsive-column glozin-tablet-column--default glozin-responsive-column glozin-mobile-column--default magic-button-disabled-no e-con e-child\" data-id=\"82b855d\" data-element_type=\"container\" data-e-type=\"container\">\n\t\t\t\t<div class=\"elementor-element elementor-element-a7d6745 elementor-widget elementor-widget-glozin-heading\" data-id=\"a7d6745\" data-element_type=\"widget\" data-e-type=\"widget\" data-widget_type=\"glozin-heading.default\">\n\t\t\t\t<div class=\"elementor-widget-container\">\n\t\t\t\t\t\t\t<div class=\"glozin-heading-elementor\">\n\t\t\t\t<h6 class=\"glozin-heading d-flex align-items-center my-0 glozin-heading--default\">\n\t\t\t\t\tPOL\u00cdTICA GERAL DE PROTE\u00c7\u00c3O DE DADOS PESSOAIS (PGPDP)\t\t\t\t<\/h6>\n\t\t\t<\/div>\n\t\t\t\t\t\t<\/div>\n\t\t\t\t<\/div>\n\t\t\t\t<div class=\"elementor-element elementor-element-40d24e1 elementor-widget elementor-widget-glozin-heading\" data-id=\"40d24e1\" data-element_type=\"widget\" data-e-type=\"widget\" data-widget_type=\"glozin-heading.default\">\n\t\t\t\t<div class=\"elementor-widget-container\">\n\t\t\t\t\t\t\t<div class=\"glozin-heading-elementor\">\n\t\t\t\t<h6 class=\"glozin-heading d-flex align-items-center my-0 glozin-heading--default\">\n\t\t\t\t\t1 \u2013 Introdu\u00e7\u00e3o\t\t\t\t<\/h6>\n\t\t\t<\/div>\n\t\t\t\t\t\t<\/div>\n\t\t\t\t<\/div>\n\t\t\t\t<div class=\"elementor-element elementor-element-243b7f2 elementor-widget elementor-widget-text-editor\" data-id=\"243b7f2\" data-element_type=\"widget\" data-e-type=\"widget\" data-widget_type=\"text-editor.default\">\n\t\t\t\t\t\t\t\t\t<p data-start=\"432\" data-end=\"678\"><strong data-start=\"432\" data-end=\"439\">1.1<\/strong> O <strong data-start=\"442\" data-end=\"456\">Meu \u00d3culos<\/strong> tem como miss\u00e3o oferecer produtos e servi\u00e7os de alta qualidade, promovendo a satisfa\u00e7\u00e3o de seus clientes e consumidores por meio de crescimento sustent\u00e1vel, respeito \u00e0 sociedade e valoriza\u00e7\u00e3o de colaboradores e parceiros.<\/p><p data-start=\"680\" data-end=\"813\"><strong data-start=\"680\" data-end=\"687\">1.2<\/strong> O Meu \u00d3culos reconhece que a <strong data-start=\"717\" data-end=\"775\">privacidade \u00e9 um direito fundamental da pessoa natural<\/strong> e assume o compromisso de proteg\u00ea-la.<\/p><p data-start=\"815\" data-end=\"1125\"><strong data-start=\"815\" data-end=\"822\">1.3<\/strong> O Meu \u00d3culos compreende que, em seus processos de neg\u00f3cio que envolvem o tratamento de dados pessoais, essas informa\u00e7\u00f5es transitam por diferentes meios de coleta, armazenamento e comunica\u00e7\u00e3o, estando sujeitas a riscos internos e externos que podem comprometer a seguran\u00e7a e a privacidade dos titulares.<\/p><p data-start=\"1127\" data-end=\"1491\"><strong data-start=\"1127\" data-end=\"1134\">1.4<\/strong> Dessa forma, o Meu \u00d3culos estabelece a presente <strong data-start=\"1183\" data-end=\"1239\">Pol\u00edtica Geral de Prote\u00e7\u00e3o de Dados Pessoais (PGPDP)<\/strong> como parte integrante do seu sistema de gest\u00e3o, em conformidade com a <strong data-start=\"1310\" data-end=\"1365\">Lei Geral de Prote\u00e7\u00e3o de Dados (Lei n\u00ba 13.709\/2018)<\/strong>, bem como com boas pr\u00e1ticas e normas reconhecidas, visando garantir n\u00edveis adequados de prote\u00e7\u00e3o aos dados pessoais tratados.<\/p>\t\t\t\t\t\t\t\t<\/div>\n\t\t\t\t<div class=\"elementor-element elementor-element-a1b707a elementor-widget elementor-widget-glozin-heading\" data-id=\"a1b707a\" data-element_type=\"widget\" data-e-type=\"widget\" data-widget_type=\"glozin-heading.default\">\n\t\t\t\t<div class=\"elementor-widget-container\">\n\t\t\t\t\t\t\t<div class=\"glozin-heading-elementor\">\n\t\t\t\t<h6 class=\"glozin-heading d-flex align-items-center my-0 glozin-heading--default\">\n\t\t\t\t\t2 \u2013 Prop\u00f3sito\t\t\t\t<\/h6>\n\t\t\t<\/div>\n\t\t\t\t\t\t<\/div>\n\t\t\t\t<\/div>\n\t\t\t\t<div class=\"elementor-element elementor-element-41cc1d7 elementor-widget elementor-widget-text-editor\" data-id=\"41cc1d7\" data-element_type=\"widget\" data-e-type=\"widget\" data-widget_type=\"text-editor.default\">\n\t\t\t\t\t\t\t\t\t<p data-start=\"1520\" data-end=\"1553\">Esta pol\u00edtica tem como objetivos:<\/p><p data-start=\"1555\" data-end=\"1693\"><strong data-start=\"1555\" data-end=\"1562\">2.1<\/strong> Estabelecer diretrizes para o tratamento de dados pessoais realizado pelo Meu \u00d3culos, em conformidade com a legisla\u00e7\u00e3o brasileira;<\/p><p data-start=\"1695\" data-end=\"1802\"><strong data-start=\"1695\" data-end=\"1702\">2.2<\/strong> Orientar a ado\u00e7\u00e3o de controles t\u00e9cnicos e administrativos necess\u00e1rios \u00e0 prote\u00e7\u00e3o de dados pessoais;<\/p><p data-start=\"1804\" data-end=\"1952\"><strong data-start=\"1804\" data-end=\"1811\">2.3<\/strong> Resguardar os direitos fundamentais dos titulares de dados, especialmente liberdade, privacidade e o livre desenvolvimento da personalidade;<\/p><p data-start=\"1954\" data-end=\"2052\"><strong data-start=\"1954\" data-end=\"1961\">2.4<\/strong> Prevenir incidentes de seguran\u00e7a e viola\u00e7\u00f5es relacionadas ao tratamento de dados pessoais;<\/p><p data-start=\"2054\" data-end=\"2192\"><strong data-start=\"2054\" data-end=\"2061\">2.5<\/strong> Minimizar riscos financeiros, reputacionais, operacionais e de confian\u00e7a dos clientes decorrentes de eventuais viola\u00e7\u00f5es de dados.<\/p>\t\t\t\t\t\t\t\t<\/div>\n\t\t\t\t<div class=\"elementor-element elementor-element-a705087 elementor-widget elementor-widget-glozin-heading\" data-id=\"a705087\" data-element_type=\"widget\" data-e-type=\"widget\" data-widget_type=\"glozin-heading.default\">\n\t\t\t\t<div class=\"elementor-widget-container\">\n\t\t\t\t\t\t\t<div class=\"glozin-heading-elementor\">\n\t\t\t\t<h6 class=\"glozin-heading d-flex align-items-center my-0 glozin-heading--default\">\n\t\t\t\t\t3 \u2013 Escopo\t\t\t\t<\/h6>\n\t\t\t<\/div>\n\t\t\t\t\t\t<\/div>\n\t\t\t\t<\/div>\n\t\t\t\t<div class=\"elementor-element elementor-element-87b3dea elementor-widget elementor-widget-text-editor\" data-id=\"87b3dea\" data-element_type=\"widget\" data-e-type=\"widget\" data-widget_type=\"text-editor.default\">\n\t\t\t\t\t\t\t\t\t<p data-start=\"2218\" data-end=\"2394\"><strong data-start=\"2218\" data-end=\"2225\">3.1<\/strong> Esta pol\u00edtica aplica-se a todas as opera\u00e7\u00f5es de tratamento de dados pessoais realizadas pelo Meu \u00d3culos, independentemente do meio ou local de armazenamento, desde que:<\/p><p data-start=\"2396\" data-end=\"2650\"><strong data-start=\"2396\" data-end=\"2405\">3.1.1<\/strong> O tratamento seja realizado em territ\u00f3rio nacional;<br data-start=\"2457\" data-end=\"2460\" \/><strong data-start=\"2460\" data-end=\"2469\">3.1.2<\/strong> Tenha como objetivo a oferta ou fornecimento de produtos ou servi\u00e7os a indiv\u00edduos localizados no Brasil;<br data-start=\"2574\" data-end=\"2577\" \/><strong data-start=\"2577\" data-end=\"2586\">3.1.3<\/strong> Os dados pessoais tenham sido coletados em territ\u00f3rio nacional.<\/p>\t\t\t\t\t\t\t\t<\/div>\n\t\t\t\t<div class=\"elementor-element elementor-element-2ea2323 elementor-widget elementor-widget-glozin-heading\" data-id=\"2ea2323\" data-element_type=\"widget\" data-e-type=\"widget\" data-widget_type=\"glozin-heading.default\">\n\t\t\t\t<div class=\"elementor-widget-container\">\n\t\t\t\t\t\t\t<div class=\"glozin-heading-elementor\">\n\t\t\t\t<h6 class=\"glozin-heading d-flex align-items-center my-0 glozin-heading--default\">\n\t\t\t\t\t4 \u2013 Diretrizes\t\t\t\t<\/h6>\n\t\t\t<\/div>\n\t\t\t\t\t\t<\/div>\n\t\t\t\t<\/div>\n\t\t\t\t<div class=\"elementor-element elementor-element-ebde9a7 elementor-widget elementor-widget-text-editor\" data-id=\"ebde9a7\" data-element_type=\"widget\" data-e-type=\"widget\" data-widget_type=\"text-editor.default\">\n\t\t\t\t\t\t\t\t\t<p data-start=\"2680\" data-end=\"2890\"><strong data-start=\"2680\" data-end=\"2687\">4.1<\/strong> A prote\u00e7\u00e3o de dados no Meu \u00d3culos visa assegurar uma gest\u00e3o sistem\u00e1tica e eficaz de todos os aspectos relacionados \u00e0 privacidade e \u00e0 prote\u00e7\u00e3o de dados pessoais, minimizando riscos e impactos ao neg\u00f3cio.<\/p><p data-start=\"2892\" data-end=\"3127\"><strong data-start=\"2892\" data-end=\"2899\">4.2<\/strong> A Dire\u00e7\u00e3o do Meu \u00d3culos compromete-se com a efetiva implementa\u00e7\u00e3o desta pol\u00edtica, garantindo sua comunica\u00e7\u00e3o, entendimento e cumprimento em todos os n\u00edveis da organiza\u00e7\u00e3o, com revis\u00f5es peri\u00f3dicas para assegurar sua atualiza\u00e7\u00e3o.<\/p><p data-start=\"3129\" data-end=\"3162\"><strong data-start=\"3129\" data-end=\"3136\">4.3<\/strong> \u00c9 pol\u00edtica do Meu \u00d3culos:<\/p><ul data-start=\"3164\" data-end=\"5176\"><li data-start=\"3164\" data-end=\"3313\"><p data-start=\"3166\" data-end=\"3313\"><strong data-start=\"3166\" data-end=\"3175\">4.3.1<\/strong> Garantir ao titular o direito de escolha quanto ao tratamento de seus dados pessoais, salvo hip\u00f3teses legais que dispensem consentimento;<\/p><\/li><li data-start=\"3314\" data-end=\"3405\"><p data-start=\"3316\" data-end=\"3405\"><strong data-start=\"3316\" data-end=\"3325\">4.3.2<\/strong> Assegurar que todo tratamento possua finalidade leg\u00edtima e base legal adequada;<\/p><\/li><li data-start=\"3406\" data-end=\"3521\"><p data-start=\"3408\" data-end=\"3521\"><strong data-start=\"3408\" data-end=\"3417\">4.3.3<\/strong> Informar de forma clara e acess\u00edvel o tratamento dos dados antes da coleta ou uso para nova finalidade;<\/p><\/li><li data-start=\"3522\" data-end=\"3606\"><p data-start=\"3524\" data-end=\"3606\"><strong data-start=\"3524\" data-end=\"3533\">4.3.4<\/strong> Fornecer explica\u00e7\u00f5es adequadas sobre o tratamento sempre que solicitado;<\/p><\/li><li data-start=\"3607\" data-end=\"3699\"><p data-start=\"3609\" data-end=\"3699\"><strong data-start=\"3609\" data-end=\"3618\">4.3.5<\/strong> Coletar apenas os dados estritamente necess\u00e1rios para as finalidades informadas;<\/p><\/li><li data-start=\"3700\" data-end=\"3784\"><p data-start=\"3702\" data-end=\"3784\"><strong data-start=\"3702\" data-end=\"3711\">4.3.6<\/strong> Limitar o uso, reten\u00e7\u00e3o, compartilhamento e transfer\u00eancia ao necess\u00e1rio;<\/p><\/li><li data-start=\"3785\" data-end=\"3893\"><p data-start=\"3787\" data-end=\"3893\"><strong data-start=\"3787\" data-end=\"3796\">4.3.7<\/strong> Reter dados apenas pelo per\u00edodo necess\u00e1rio, promovendo sua elimina\u00e7\u00e3o, bloqueio ou anonimiza\u00e7\u00e3o;<\/p><\/li><li data-start=\"3894\" data-end=\"3994\"><p data-start=\"3896\" data-end=\"3994\"><strong data-start=\"3896\" data-end=\"3905\">4.3.8<\/strong> Bloquear o uso dos dados quando a finalidade expirar, salvo exig\u00eancia legal de reten\u00e7\u00e3o;<\/p><\/li><li data-start=\"3995\" data-end=\"4060\"><p data-start=\"3997\" data-end=\"4060\"><strong data-start=\"3997\" data-end=\"4006\">4.3.9<\/strong> Garantir a exatid\u00e3o e atualiza\u00e7\u00e3o dos dados pessoais;<\/p><\/li><li data-start=\"4061\" data-end=\"4154\"><p data-start=\"4063\" data-end=\"4154\"><strong data-start=\"4063\" data-end=\"4073\">4.3.10<\/strong> Disponibilizar informa\u00e7\u00f5es claras sobre pr\u00e1ticas, pol\u00edticas e canais de contato;<\/p><\/li><li data-start=\"4155\" data-end=\"4239\"><p data-start=\"4157\" data-end=\"4239\"><strong data-start=\"4157\" data-end=\"4167\">4.3.11<\/strong> Notificar titulares sobre altera\u00e7\u00f5es relevantes no tratamento de dados;<\/p><\/li><li data-start=\"4240\" data-end=\"4320\"><p data-start=\"4242\" data-end=\"4320\"><strong data-start=\"4242\" data-end=\"4252\">4.3.12<\/strong> Permitir acesso e corre\u00e7\u00e3o de dados mediante autentica\u00e7\u00e3o adequada;<\/p><\/li><li data-start=\"4321\" data-end=\"4427\"><p data-start=\"4323\" data-end=\"4427\"><strong data-start=\"4323\" data-end=\"4333\">4.3.13<\/strong> Assegurar rastreabilidade e presta\u00e7\u00e3o de contas, inclusive no compartilhamento com terceiros;<\/p><\/li><li data-start=\"4428\" data-end=\"4503\"><p data-start=\"4430\" data-end=\"4503\"><strong data-start=\"4430\" data-end=\"4440\">4.3.14<\/strong> Tratar incidentes de dados de forma documentada e estruturada;<\/p><\/li><li data-start=\"4504\" data-end=\"4571\"><p data-start=\"4506\" data-end=\"4571\"><strong data-start=\"4506\" data-end=\"4516\">4.3.15<\/strong> Comunicar incidentes conforme exigido pela legisla\u00e7\u00e3o;<\/p><\/li><li data-start=\"4572\" data-end=\"4654\"><p data-start=\"4574\" data-end=\"4654\"><strong data-start=\"4574\" data-end=\"4584\">4.3.16<\/strong> Documentar e divulgar pol\u00edticas e procedimentos de prote\u00e7\u00e3o de dados;<\/p><\/li><li data-start=\"4655\" data-end=\"4734\"><p data-start=\"4657\" data-end=\"4734\"><strong data-start=\"4657\" data-end=\"4667\">4.3.17<\/strong> Designar respons\u00e1vel pelo tratamento e prote\u00e7\u00e3o de dados pessoais;<\/p><\/li><li data-start=\"4735\" data-end=\"4817\"><p data-start=\"4737\" data-end=\"4817\"><strong data-start=\"4737\" data-end=\"4747\">4.3.18<\/strong> Adotar medidas t\u00e9cnicas e administrativas de seguran\u00e7a da informa\u00e7\u00e3o;<\/p><\/li><li data-start=\"4818\" data-end=\"4902\"><p data-start=\"4820\" data-end=\"4902\"><strong data-start=\"4820\" data-end=\"4830\">4.3.19<\/strong> Disponibilizar normas de prote\u00e7\u00e3o de dados a colaboradores e terceiros;<\/p><\/li><li data-start=\"4903\" data-end=\"4977\"><p data-start=\"4905\" data-end=\"4977\"><strong data-start=\"4905\" data-end=\"4915\">4.3.20<\/strong> Promover treinamentos e conscientiza\u00e7\u00e3o em prote\u00e7\u00e3o de dados;<\/p><\/li><li data-start=\"4978\" data-end=\"5049\"><p data-start=\"4980\" data-end=\"5049\"><strong data-start=\"4980\" data-end=\"4990\">4.3.21<\/strong> Buscar a melhoria cont\u00ednua da gest\u00e3o de prote\u00e7\u00e3o de dados;<\/p><\/li><li data-start=\"5050\" data-end=\"5117\"><p data-start=\"5052\" data-end=\"5117\"><strong data-start=\"5052\" data-end=\"5062\">4.3.22<\/strong> Garantir a n\u00e3o discrimina\u00e7\u00e3o no uso de dados pessoais;<\/p><\/li><li data-start=\"5118\" data-end=\"5176\"><p data-start=\"5120\" data-end=\"5176\"><strong data-start=\"5120\" data-end=\"5130\">4.3.23<\/strong> Cumprir integralmente a legisla\u00e7\u00e3o aplic\u00e1vel.<\/p><\/li><\/ul>\t\t\t\t\t\t\t\t<\/div>\n\t\t\t\t<div class=\"elementor-element elementor-element-13e7869 elementor-widget elementor-widget-glozin-heading\" data-id=\"13e7869\" data-element_type=\"widget\" data-e-type=\"widget\" data-widget_type=\"glozin-heading.default\">\n\t\t\t\t<div class=\"elementor-widget-container\">\n\t\t\t\t\t\t\t<div class=\"glozin-heading-elementor\">\n\t\t\t\t<h6 class=\"glozin-heading d-flex align-items-center my-0 glozin-heading--default\">\n\t\t\t\t\t5 \u2013 Time de Seguran\u00e7a da Informa\u00e7\u00e3o\t\t\t\t<\/h6>\n\t\t\t<\/div>\n\t\t\t\t\t\t<\/div>\n\t\t\t\t<\/div>\n\t\t\t\t<div class=\"elementor-element elementor-element-b784d4c elementor-widget elementor-widget-text-editor\" data-id=\"b784d4c\" data-element_type=\"widget\" data-e-type=\"widget\" data-widget_type=\"text-editor.default\">\n\t\t\t\t\t\t\t\t\t<p data-start=\"5227\" data-end=\"5278\"><strong data-start=\"5227\" data-end=\"5234\">5.1<\/strong> Compete ao time de Seguran\u00e7a da Informa\u00e7\u00e3o:<\/p><ul data-start=\"5280\" data-end=\"5549\"><li data-start=\"5280\" data-end=\"5346\"><p data-start=\"5282\" data-end=\"5346\">Adequar pol\u00edticas e procedimentos aos requisitos desta pol\u00edtica;<\/p><\/li><li data-start=\"5347\" data-end=\"5408\"><p data-start=\"5349\" data-end=\"5408\">Implementar medidas t\u00e9cnicas e administrativas de prote\u00e7\u00e3o;<\/p><\/li><li data-start=\"5409\" data-end=\"5468\"><p data-start=\"5411\" data-end=\"5468\">Tratar incidentes de seguran\u00e7a envolvendo dados pessoais;<\/p><\/li><li data-start=\"5469\" data-end=\"5549\"><p data-start=\"5471\" data-end=\"5549\">Apoiar o Encarregado na comunica\u00e7\u00e3o \u00e0 ANPD e aos titulares, quando necess\u00e1rio.<\/p><\/li><\/ul>\t\t\t\t\t\t\t\t<\/div>\n\t\t\t\t<div class=\"elementor-element elementor-element-cb4134e elementor-widget elementor-widget-glozin-heading\" data-id=\"cb4134e\" data-element_type=\"widget\" data-e-type=\"widget\" data-widget_type=\"glozin-heading.default\">\n\t\t\t\t<div class=\"elementor-widget-container\">\n\t\t\t\t\t\t\t<div class=\"glozin-heading-elementor\">\n\t\t\t\t<h6 class=\"glozin-heading d-flex align-items-center my-0 glozin-heading--default\">\n\t\t\t\t\t6 \u2013 Usu\u00e1rios da Informa\u00e7\u00e3o\t\t\t\t<\/h6>\n\t\t\t<\/div>\n\t\t\t\t\t\t<\/div>\n\t\t\t\t<\/div>\n\t\t\t\t<div class=\"elementor-element elementor-element-bb70675 elementor-widget elementor-widget-text-editor\" data-id=\"bb70675\" data-element_type=\"widget\" data-e-type=\"widget\" data-widget_type=\"text-editor.default\">\n\t\t\t\t\t\t\t\t\t<p data-start=\"5591\" data-end=\"5648\"><strong data-start=\"5591\" data-end=\"5598\">6.1<\/strong> S\u00e3o responsabilidades dos usu\u00e1rios da informa\u00e7\u00e3o:<\/p><ul data-start=\"5650\" data-end=\"5931\"><li data-start=\"5650\" data-end=\"5688\"><p data-start=\"5652\" data-end=\"5688\">Cumprir integralmente esta pol\u00edtica;<\/p><\/li><li data-start=\"5689\" data-end=\"5753\"><p data-start=\"5691\" data-end=\"5753\">Esclarecer d\u00favidas com o Encarregado pelo Tratamento de Dados;<\/p><\/li><li data-start=\"5754\" data-end=\"5807\"><p data-start=\"5756\" data-end=\"5807\">Comunicar incidentes ou riscos \u00e0 prote\u00e7\u00e3o de dados;<\/p><\/li><li data-start=\"5808\" data-end=\"5861\"><p data-start=\"5810\" data-end=\"5861\">Assinar termos de uso de sistemas quando aplic\u00e1vel;<\/p><\/li><li data-start=\"5862\" data-end=\"5931\"><p data-start=\"5864\" data-end=\"5931\">Responder por eventuais descumprimentos conforme san\u00e7\u00f5es previstas.<\/p><\/li><\/ul>\t\t\t\t\t\t\t\t<\/div>\n\t\t\t\t<div class=\"elementor-element elementor-element-37b1f04 elementor-widget elementor-widget-glozin-heading\" data-id=\"37b1f04\" data-element_type=\"widget\" data-e-type=\"widget\" data-widget_type=\"glozin-heading.default\">\n\t\t\t\t<div class=\"elementor-widget-container\">\n\t\t\t\t\t\t\t<div class=\"glozin-heading-elementor\">\n\t\t\t\t<h6 class=\"glozin-heading d-flex align-items-center my-0 glozin-heading--default\">\n\t\t\t\t\t7 \u2013 San\u00e7\u00f5es e Puni\u00e7\u00f5es\t\t\t\t<\/h6>\n\t\t\t<\/div>\n\t\t\t\t\t\t<\/div>\n\t\t\t\t<\/div>\n\t\t\t\t<div class=\"elementor-element elementor-element-8f1a776 elementor-widget elementor-widget-text-editor\" data-id=\"8f1a776\" data-element_type=\"widget\" data-e-type=\"widget\" data-widget_type=\"text-editor.default\">\n\t\t\t\t\t\t\t\t\t<p data-start=\"5969\" data-end=\"6081\"><strong data-start=\"5969\" data-end=\"5976\">7.1<\/strong> Viola\u00e7\u00f5es desta pol\u00edtica poder\u00e3o resultar em advert\u00eancia, suspens\u00e3o ou desligamento, conforme gravidade.<\/p><p data-start=\"6083\" data-end=\"6179\"><strong data-start=\"6083\" data-end=\"6090\">7.2<\/strong> A aplica\u00e7\u00e3o das san\u00e7\u00f5es observar\u00e1 a legisla\u00e7\u00e3o trabalhista e a an\u00e1lise do caso concreto.<\/p><p data-start=\"6181\" data-end=\"6253\"><strong data-start=\"6181\" data-end=\"6188\">7.3<\/strong> Terceiros estar\u00e3o sujeitos \u00e0s penalidades previstas em contrato.<\/p><p data-start=\"6255\" data-end=\"6352\"><strong data-start=\"6255\" data-end=\"6262\">7.4<\/strong> Em caso de il\u00edcitos ou danos relevantes, poder\u00e3o ser adotadas medidas judiciais cab\u00edveis.<\/p>\t\t\t\t\t\t\t\t<\/div>\n\t\t\t\t<div class=\"elementor-element elementor-element-0d83726 elementor-widget elementor-widget-glozin-heading\" data-id=\"0d83726\" data-element_type=\"widget\" data-e-type=\"widget\" data-widget_type=\"glozin-heading.default\">\n\t\t\t\t<div class=\"elementor-widget-container\">\n\t\t\t\t\t\t\t<div class=\"glozin-heading-elementor\">\n\t\t\t\t<h6 class=\"glozin-heading d-flex align-items-center my-0 glozin-heading--default\">\n\t\t\t\t\t8 \u2013 Casos Omissos\t\t\t\t<\/h6>\n\t\t\t<\/div>\n\t\t\t\t\t\t<\/div>\n\t\t\t\t<\/div>\n\t\t\t\t<div class=\"elementor-element elementor-element-4d8015d elementor-widget elementor-widget-text-editor\" data-id=\"4d8015d\" data-element_type=\"widget\" data-e-type=\"widget\" data-widget_type=\"text-editor.default\">\n\t\t\t\t\t\t\t\t\t<p data-start=\"5171\" data-end=\"5323\"><strong data-start=\"6385\" data-end=\"6392\">8.1<\/strong> Esta pol\u00edtica n\u00e3o esgota todas as medidas de prote\u00e7\u00e3o poss\u00edveis, devendo os usu\u00e1rios adotar boas pr\u00e1ticas adicionais sempre que necess\u00e1rio.<\/p>\t\t\t\t\t\t\t\t<\/div>\n\t\t\t\t<div class=\"elementor-element elementor-element-fdf1575 elementor-widget elementor-widget-glozin-heading\" data-id=\"fdf1575\" data-element_type=\"widget\" data-e-type=\"widget\" data-widget_type=\"glozin-heading.default\">\n\t\t\t\t<div class=\"elementor-widget-container\">\n\t\t\t\t\t\t\t<div class=\"glozin-heading-elementor\">\n\t\t\t\t<h6 class=\"glozin-heading d-flex align-items-center my-0 glozin-heading--default\">\n\t\t\t\t\t9 \u2013 Gloss\u00e1rio\t\t\t\t<\/h6>\n\t\t\t<\/div>\n\t\t\t\t\t\t<\/div>\n\t\t\t\t<\/div>\n\t\t\t\t<div class=\"elementor-element elementor-element-d3ed1b5 elementor-widget elementor-widget-text-editor\" data-id=\"d3ed1b5\" data-element_type=\"widget\" data-e-type=\"widget\" data-widget_type=\"text-editor.default\">\n\t\t\t\t\t\t\t\t\t<p data-start=\"5816\" data-end=\"5895\">(Gloss\u00e1rio mantido conforme LGPD, sem altera\u00e7\u00e3o conceitual)<\/p>\t\t\t\t\t\t\t\t<\/div>\n\t\t\t\t<div class=\"elementor-element elementor-element-7c0d62c elementor-widget elementor-widget-glozin-heading\" data-id=\"7c0d62c\" data-element_type=\"widget\" data-e-type=\"widget\" data-widget_type=\"glozin-heading.default\">\n\t\t\t\t<div class=\"elementor-widget-container\">\n\t\t\t\t\t\t\t<div class=\"glozin-heading-elementor\">\n\t\t\t\t<h6 class=\"glozin-heading d-flex align-items-center my-0 glozin-heading--default\">\n\t\t\t\t\t10 \u2013 Revis\u00f5es\t\t\t\t<\/h6>\n\t\t\t<\/div>\n\t\t\t\t\t\t<\/div>\n\t\t\t\t<\/div>\n\t\t\t\t<div class=\"elementor-element elementor-element-bdc6e4c elementor-widget elementor-widget-text-editor\" data-id=\"bdc6e4c\" data-element_type=\"widget\" data-e-type=\"widget\" data-widget_type=\"text-editor.default\">\n\t\t\t\t\t\t\t\t\t<p data-start=\"5171\" data-end=\"5323\"><strong data-start=\"6649\" data-end=\"6657\">10.1<\/strong> Esta pol\u00edtica ser\u00e1 revisada anualmente ou sempre que necess\u00e1rio.<\/p>\t\t\t\t\t\t\t\t<\/div>\n\t\t\t\t<div class=\"elementor-element elementor-element-1d067b2 elementor-widget elementor-widget-glozin-heading\" data-id=\"1d067b2\" data-element_type=\"widget\" data-e-type=\"widget\" data-widget_type=\"glozin-heading.default\">\n\t\t\t\t<div class=\"elementor-widget-container\">\n\t\t\t\t\t\t\t<div class=\"glozin-heading-elementor\">\n\t\t\t\t<h6 class=\"glozin-heading d-flex align-items-center my-0 glozin-heading--default\">\n\t\t\t\t\t11 \u2013 Gest\u00e3o da Pol\u00edtica\t\t\t\t<\/h6>\n\t\t\t<\/div>\n\t\t\t\t\t\t<\/div>\n\t\t\t\t<\/div>\n\t\t\t\t<div class=\"elementor-element elementor-element-c7aabbd elementor-widget elementor-widget-text-editor\" data-id=\"c7aabbd\" data-element_type=\"widget\" data-e-type=\"widget\" data-widget_type=\"text-editor.default\">\n\t\t\t\t\t\t\t\t\t<p data-start=\"6374\" data-end=\"6450\"><strong data-start=\"6761\" data-end=\"6769\">11.1<\/strong> Esta Pol\u00edtica Geral de Prote\u00e7\u00e3o de Dados Pessoais \u00e9 aprovada pela Dire\u00e7\u00e3o do <strong data-start=\"6847\" data-end=\"6861\">Meu \u00d3culos<\/strong>.<\/p>\t\t\t\t\t\t\t\t<\/div>\n\t\t\t\t<div class=\"elementor-element elementor-element-1990441 elementor-widget elementor-widget-text-editor\" data-id=\"1990441\" data-element_type=\"widget\" data-e-type=\"widget\" data-widget_type=\"text-editor.default\">\n\t\t\t\t\t\t\t\t\t<p data-start=\"6840\" data-end=\"6901\"><strong data-start=\"7046\" data-end=\"7069\">\u00daltima atualiza\u00e7\u00e3o:<\/strong> Janeiro de 2026.<\/p>\t\t\t\t\t\t\t\t<\/div>\n\t\t\t\t<\/div>\n\t\t\t\t\t<\/div>\n\t\t\t\t<\/div>\n\t\t\t\t<\/div>\n\t\t\n    <div class=\"xs_social_share_widget xs_share_url after_content \t\tmain_content  wslu-style-1 wslu-share-box-shaped wslu-fill-colored wslu-none wslu-share-horizontal wslu-theme-font-no wslu-main_content\">\n\n\t\t\n        <ul>\n\t\t\t        <\/ul>\n    <\/div>","protected":false},"excerpt":{"rendered":"<p>POL\u00cdTICA GERAL DE PROTE\u00c7\u00c3O DE DADOS PESSOAIS (PGPDP) 1 \u2013 Introdu\u00e7\u00e3o 1.1 O Meu \u00d3culos tem como miss\u00e3o oferecer produtos e servi\u00e7os de alta qualidade, promovendo a satisfa\u00e7\u00e3o de seus clientes e consumidores por meio de crescimento sustent\u00e1vel, respeito \u00e0 sociedade e valoriza\u00e7\u00e3o de colaboradores e parceiros. 1.2 O Meu \u00d3culos reconhece que a privacidade [&hellip;]<\/p>\n","protected":false},"author":1,"featured_media":0,"parent":0,"menu_order":0,"comment_status":"closed","ping_status":"closed","template":"","meta":{"postBodyCss":"","postBodyMargin":[],"postBodyPadding":[],"postBodyBackground":{"backgroundType":"classic","gradient":""},"footnotes":""},"class_list":["post-1000569","page","type-page","status-publish","hentry"],"_hostinger_reach_plugin_has_subscription_block":false,"_hostinger_reach_plugin_is_elementor":false,"_links":{"self":[{"href":"https:\/\/meuoculos.net\/en\/wp-json\/wp\/v2\/pages\/1000569","targetHints":{"allow":["GET"]}}],"collection":[{"href":"https:\/\/meuoculos.net\/en\/wp-json\/wp\/v2\/pages"}],"about":[{"href":"https:\/\/meuoculos.net\/en\/wp-json\/wp\/v2\/types\/page"}],"author":[{"embeddable":true,"href":"https:\/\/meuoculos.net\/en\/wp-json\/wp\/v2\/users\/1"}],"replies":[{"embeddable":true,"href":"https:\/\/meuoculos.net\/en\/wp-json\/wp\/v2\/comments?post=1000569"}],"version-history":[{"count":4,"href":"https:\/\/meuoculos.net\/en\/wp-json\/wp\/v2\/pages\/1000569\/revisions"}],"predecessor-version":[{"id":1000573,"href":"https:\/\/meuoculos.net\/en\/wp-json\/wp\/v2\/pages\/1000569\/revisions\/1000573"}],"wp:attachment":[{"href":"https:\/\/meuoculos.net\/en\/wp-json\/wp\/v2\/media?parent=1000569"}],"curies":[{"name":"wp","href":"https:\/\/api.w.org\/{rel}","templated":true}]}}